{"id":91,"date":"2015-03-03T19:20:46","date_gmt":"2015-03-03T19:20:46","guid":{"rendered":"http:\/\/www.mecanicadelmolde.com\/?page_id=91"},"modified":"2021-06-05T14:02:00","modified_gmt":"2021-06-05T14:02:00","slug":"reformas-y-reparaciones","status":"publish","type":"page","link":"https:\/\/www.mecanicadelmolde.com\/?page_id=91","title":{"rendered":"REFORMAS"},"content":{"rendered":"<p>Realizamos reformas en sus moldes:<\/p>\n<p>Modificaci\u00f3n del dibujo por cuestiones est\u00e9ticas, del economizador por comportamiento del compuesto o ahorro del mismo. As\u00ed como adaptaci\u00f3n de un molde a las medidas y sujeciones adecuadas de una maquina en concreto.<\/p>\n<style type=\"text\/css\">.easingslider-242 { max-width: 640px; }.easingslider-242 .easingslider-image { max-height: 400px; max-width: 640px; }.easingslider-242 .easingslider-fade-in, .easingslider-fade-out { -webkit-animation-duration: 400ms; -moz-animation-duration: 400ms; animation-duration: 400ms; }<\/style><script type=\"text\/javascript\">window.EasingSlider242 = {\"width\":640,\"height\":400,\"singleItem\":true,\"items\":1,\"itemsDesktop\":false,\"itemsDesktopSmall\":false,\"itemsTablet\":false,\"itemsTabletSmall\":false,\"itemsMobile\":false,\"responsive\":true,\"lazyLoad\":true,\"autoPlay\":4000,\"slideSpeed\":400,\"navigation\":false,\"navigationText\":[\"\",\"\"],\"pagination\":false,\"autoHeight\":false,\"mouseDrag\":false,\"touchDrag\":false,\"addClassActive\":true,\"transitionStyle\":\"fade\"};<\/script><div data-id=\"242\" class=\"easingslider easingslider-242 easingslider-container easingslider-resizing-enabled easingslider-aspect-ratio\"><div class=\"easingslider-slide\"><img decoding=\"async\" src=\"https:\/\/www.mecanicadelmolde.com\/wp-content\/plugins\/easing-slider\/assets\/images\/placeholder-pixel.png\" data-src=\"https:\/\/www.mecanicadelmolde.com\/wp-content\/uploads\/2021\/05\/6-scaled-640x400.jpg\" alt=\"\" title=\"\" class=\"easingslider-image easingslider-lazy\" \/><\/div><div class=\"easingslider-slide\"><img decoding=\"async\" src=\"https:\/\/www.mecanicadelmolde.com\/wp-content\/plugins\/easing-slider\/assets\/images\/placeholder-pixel.png\" data-src=\"https:\/\/www.mecanicadelmolde.com\/wp-content\/uploads\/2021\/05\/7-1-640x400.jpg\" alt=\"\" title=\"\" class=\"easingslider-image easingslider-lazy\" \/><\/div><div class=\"easingslider-slide\"><img decoding=\"async\" src=\"https:\/\/www.mecanicadelmolde.com\/wp-content\/plugins\/easing-slider\/assets\/images\/placeholder-pixel.png\" data-src=\"https:\/\/www.mecanicadelmolde.com\/wp-content\/uploads\/2021\/05\/8-1-640x400.jpg\" alt=\"\" title=\"\" class=\"easingslider-image easingslider-lazy\" \/><\/div><div class=\"easingslider-slide\"><img decoding=\"async\" src=\"https:\/\/www.mecanicadelmolde.com\/wp-content\/plugins\/easing-slider\/assets\/images\/placeholder-pixel.png\" data-src=\"https:\/\/www.mecanicadelmolde.com\/wp-content\/uploads\/2021\/06\/c-scaled-640x400.jpg\" alt=\"\" title=\"\" class=\"easingslider-image easingslider-lazy\" \/><\/div><div class=\"easingslider-slide\"><img decoding=\"async\" src=\"https:\/\/www.mecanicadelmolde.com\/wp-content\/plugins\/easing-slider\/assets\/images\/placeholder-pixel.png\" data-src=\"https:\/\/www.mecanicadelmolde.com\/wp-content\/uploads\/2021\/06\/d-scaled-640x400.jpg\" alt=\"\" title=\"\" class=\"easingslider-image easingslider-lazy\" \/><\/div><\/div>\n<p>Fabricamos todo tipo de fechadores o numeraci\u00f3n para su molde.\u00a0Fechadores en aluminio o acero, totalmente a medida.<\/p>\n<p>Realizaci\u00f3n de marcas recambiables para la utilizaci\u00f3n de un mismo modelo para varios clientes.<\/p>\n<style type=\"text\/css\">.easingslider-258 { max-width: 640px; }.easingslider-258 .easingslider-image { max-height: 400px; max-width: 640px; }.easingslider-258 .easingslider-fade-in, .easingslider-fade-out { -webkit-animation-duration: 400ms; -moz-animation-duration: 400ms; animation-duration: 400ms; }<\/style><script type=\"text\/javascript\">window.EasingSlider258 = {\"width\":640,\"height\":400,\"singleItem\":true,\"items\":1,\"itemsDesktop\":false,\"itemsDesktopSmall\":false,\"itemsTablet\":false,\"itemsTabletSmall\":false,\"itemsMobile\":false,\"responsive\":true,\"lazyLoad\":true,\"autoPlay\":4000,\"slideSpeed\":400,\"navigation\":false,\"navigationText\":[\"\",\"\"],\"pagination\":false,\"autoHeight\":false,\"mouseDrag\":false,\"touchDrag\":false,\"addClassActive\":true,\"transitionStyle\":\"fade\"};<\/script><div data-id=\"258\" class=\"easingslider easingslider-258 easingslider-container easingslider-resizing-enabled easingslider-aspect-ratio\"><div class=\"easingslider-slide\"><img decoding=\"async\" src=\"https:\/\/www.mecanicadelmolde.com\/wp-content\/plugins\/easing-slider\/assets\/images\/placeholder-pixel.png\" data-src=\"https:\/\/www.mecanicadelmolde.com\/wp-content\/uploads\/2015\/03\/18-e1425411055650-640x400.jpg\" alt=\"\" title=\"\" class=\"easingslider-image easingslider-lazy\" \/><\/div><div class=\"easingslider-slide\"><img decoding=\"async\" src=\"https:\/\/www.mecanicadelmolde.com\/wp-content\/plugins\/easing-slider\/assets\/images\/placeholder-pixel.png\" data-src=\"https:\/\/www.mecanicadelmolde.com\/wp-content\/uploads\/2015\/03\/19-e1425411037851-640x400.jpg\" alt=\"\" title=\"\" class=\"easingslider-image easingslider-lazy\" \/><\/div><\/div>\n<p>Todo lo que necesiten se puede estudiar, siempre hay una soluci\u00f3n para ello.<\/p>\n","protected":false},"excerpt":{"rendered":"<p>Realizamos reformas en sus moldes: Modificaci\u00f3n del dibujo por cuestiones est\u00e9ticas, del economizador por comportamiento del compuesto o ahorro del mismo. As\u00ed como adaptaci\u00f3n de un molde a las medidas y sujeciones adecuadas de una maquina en concreto. Fabricamos todo tipo de fechadores o numeraci\u00f3n para su molde.\u00a0Fechadores en aluminio o acero, totalmente a medida. &hellip; <a href=\"https:\/\/www.mecanicadelmolde.com\/?page_id=91\" class=\"more-link\">Sigue leyendo <span class=\"screen-reader-text\">REFORMAS<\/span><\/a><\/p>\n","protected":false},"author":1,"featured_media":0,"parent":0,"menu_order":0,"comment_status":"closed","ping_status":"closed","template":"","meta":{"footnotes":""},"class_list":["post-91","page","type-page","status-publish","hentry"],"_links":{"self":[{"href":"https:\/\/www.mecanicadelmolde.com\/index.php?rest_route=\/wp\/v2\/pages\/91","targetHints":{"allow":["GET"]}}],"collection":[{"href":"https:\/\/www.mecanicadelmolde.com\/index.php?rest_route=\/wp\/v2\/pages"}],"about":[{"href":"https:\/\/www.mecanicadelmolde.com\/index.php?rest_route=\/wp\/v2\/types\/page"}],"author":[{"embeddable":true,"href":"https:\/\/www.mecanicadelmolde.com\/index.php?rest_route=\/wp\/v2\/users\/1"}],"replies":[{"embeddable":true,"href":"https:\/\/www.mecanicadelmolde.com\/index.php?rest_route=%2Fwp%2Fv2%2Fcomments&post=91"}],"version-history":[{"count":7,"href":"https:\/\/www.mecanicadelmolde.com\/index.php?rest_route=\/wp\/v2\/pages\/91\/revisions"}],"predecessor-version":[{"id":259,"href":"https:\/\/www.mecanicadelmolde.com\/index.php?rest_route=\/wp\/v2\/pages\/91\/revisions\/259"}],"wp:attachment":[{"href":"https:\/\/www.mecanicadelmolde.com\/index.php?rest_route=%2Fwp%2Fv2%2Fmedia&parent=91"}],"curies":[{"name":"wp","href":"https:\/\/api.w.org\/{rel}","templated":true}]}}