{"id":42,"date":"2015-02-18T12:24:00","date_gmt":"2015-02-18T12:24:00","guid":{"rendered":"http:\/\/www.ivico.net\/?page_id=42"},"modified":"2025-01-30T19:10:02","modified_gmt":"2025-01-30T19:10:02","slug":"cad-cam","status":"publish","type":"page","link":"https:\/\/www.mecanicadelmolde.com\/?page_id=42","title":{"rendered":"CAD CAM"},"content":{"rendered":"<p>Desde 2004 en Mec\u00e1nica Del Molde hemos estado a la vanguardia de las tecnolog\u00edas implementando el sistema de trabajo CAD-CAM , adquiriendo un programa de dise\u00f1o puntero como NX y mecanizando en centros de tres ejes Milltronics VM16 y AWEA \u00a0AF-760.<\/p>\n<p>Este sistema de trabajo nos permite mecanizar con total precisi\u00f3n sus dise\u00f1os sin error posible gracias a la herramienta de simulaci\u00f3n de NX. Y obtener los mejores acabados en nuestros trabajos haciendo uso de las 15.000 rpm que poseen nuestras m\u00e1quinas.<\/p>\n<style type=\"text\/css\">.easingslider-247 { max-width: 640px; }.easingslider-247 .easingslider-image { max-height: 400px; max-width: 640px; }.easingslider-247 .easingslider-fade-in, .easingslider-fade-out { -webkit-animation-duration: 400ms; -moz-animation-duration: 400ms; animation-duration: 400ms; }<\/style><script type=\"text\/javascript\">window.EasingSlider247 = {\"width\":640,\"height\":400,\"singleItem\":true,\"items\":1,\"itemsDesktop\":false,\"itemsDesktopSmall\":false,\"itemsTablet\":false,\"itemsTabletSmall\":false,\"itemsMobile\":false,\"responsive\":true,\"lazyLoad\":true,\"autoPlay\":4000,\"slideSpeed\":400,\"navigation\":false,\"navigationText\":[\"\",\"\"],\"pagination\":false,\"autoHeight\":false,\"mouseDrag\":false,\"touchDrag\":false,\"addClassActive\":true,\"transitionStyle\":\"fade\"};<\/script><div data-id=\"247\" class=\"easingslider easingslider-247 easingslider-container easingslider-resizing-enabled easingslider-aspect-ratio\"><div class=\"easingslider-slide\"><img decoding=\"async\" src=\"https:\/\/www.mecanicadelmolde.com\/wp-content\/plugins\/easing-slider\/assets\/images\/placeholder-pixel.png\" data-src=\"https:\/\/www.mecanicadelmolde.com\/wp-content\/uploads\/2021\/05\/AWEA-scaled-640x400.jpg\" alt=\"\" title=\"\" class=\"easingslider-image easingslider-lazy\" \/><\/div><div class=\"easingslider-slide\"><img decoding=\"async\" src=\"https:\/\/www.mecanicadelmolde.com\/wp-content\/plugins\/easing-slider\/assets\/images\/placeholder-pixel.png\" data-src=\"https:\/\/www.mecanicadelmolde.com\/wp-content\/uploads\/2021\/05\/VM16-640x400.jpg\" alt=\"\" title=\"\" class=\"easingslider-image easingslider-lazy\" \/><\/div><\/div>\n<p><strong>Desde hace m\u00e1s de 20 a\u00f1os manufacturamos moldes con Maquinaria digitalizada de gran precisi\u00f3n.<\/strong><\/p>\n<hr \/>\n<p><strong>Dise\u00f1amos las piezas desde un puesto inform\u00e1tico que manda las instrucciones hasta la maquina, a trav\u00e9s de tecnolog\u00eda CAD \u2013 CAM.<\/strong><\/p>\n<style type=\"text\/css\">.easingslider-249 { max-width: 640px; }.easingslider-249 .easingslider-image { max-height: 400px; max-width: 640px; }.easingslider-249 .easingslider-fade-in, .easingslider-fade-out { -webkit-animation-duration: 400ms; -moz-animation-duration: 400ms; animation-duration: 400ms; }<\/style><script type=\"text\/javascript\">window.EasingSlider249 = {\"width\":640,\"height\":400,\"singleItem\":true,\"items\":1,\"itemsDesktop\":false,\"itemsDesktopSmall\":false,\"itemsTablet\":false,\"itemsTabletSmall\":false,\"itemsMobile\":false,\"responsive\":true,\"lazyLoad\":true,\"autoPlay\":4000,\"slideSpeed\":400,\"navigation\":false,\"navigationText\":[\"\",\"\"],\"pagination\":false,\"autoHeight\":false,\"mouseDrag\":false,\"touchDrag\":false,\"addClassActive\":true,\"transitionStyle\":\"fade\"};<\/script><div data-id=\"249\" class=\"easingslider easingslider-249 easingslider-container easingslider-resizing-enabled easingslider-aspect-ratio\"><div class=\"easingslider-slide\"><img decoding=\"async\" src=\"https:\/\/www.mecanicadelmolde.com\/wp-content\/plugins\/easing-slider\/assets\/images\/placeholder-pixel.png\" data-src=\"https:\/\/www.mecanicadelmolde.com\/wp-content\/uploads\/2021\/05\/PRECISION-scaled-640x400.jpg\" alt=\"\" title=\"\" class=\"easingslider-image easingslider-lazy\" \/><\/div><div class=\"easingslider-slide\"><img decoding=\"async\" src=\"https:\/\/www.mecanicadelmolde.com\/wp-content\/plugins\/easing-slider\/assets\/images\/placeholder-pixel.png\" data-src=\"https:\/\/www.mecanicadelmolde.com\/wp-content\/uploads\/2021\/05\/PUESTO-DE-TRABAJO-scaled-640x400.jpg\" alt=\"\" title=\"\" class=\"easingslider-image easingslider-lazy\" \/><\/div><\/div>\n<hr \/>\n<p style=\"text-align: center;\"><strong>Donde la maquinaria automatizada\u00a0realiza el trabajo con precisi\u00f3n\u00a0absoluta.<\/strong><\/p>\n","protected":false},"excerpt":{"rendered":"<p>Desde 2004 en Mec\u00e1nica Del Molde hemos estado a la vanguardia de las tecnolog\u00edas implementando el sistema de trabajo CAD-CAM , adquiriendo un programa de dise\u00f1o puntero como NX y mecanizando en centros de tres ejes Milltronics VM16 y AWEA \u00a0AF-760. Este sistema de trabajo nos permite mecanizar con total precisi\u00f3n sus dise\u00f1os sin error &hellip; <a href=\"https:\/\/www.mecanicadelmolde.com\/?page_id=42\" class=\"more-link\">Sigue leyendo <span class=\"screen-reader-text\">CAD CAM<\/span><\/a><\/p>\n","protected":false},"author":1,"featured_media":0,"parent":0,"menu_order":0,"comment_status":"closed","ping_status":"closed","template":"","meta":{"footnotes":""},"class_list":["post-42","page","type-page","status-publish","hentry"],"_links":{"self":[{"href":"https:\/\/www.mecanicadelmolde.com\/index.php?rest_route=\/wp\/v2\/pages\/42","targetHints":{"allow":["GET"]}}],"collection":[{"href":"https:\/\/www.mecanicadelmolde.com\/index.php?rest_route=\/wp\/v2\/pages"}],"about":[{"href":"https:\/\/www.mecanicadelmolde.com\/index.php?rest_route=\/wp\/v2\/types\/page"}],"author":[{"embeddable":true,"href":"https:\/\/www.mecanicadelmolde.com\/index.php?rest_route=\/wp\/v2\/users\/1"}],"replies":[{"embeddable":true,"href":"https:\/\/www.mecanicadelmolde.com\/index.php?rest_route=%2Fwp%2Fv2%2Fcomments&post=42"}],"version-history":[{"count":10,"href":"https:\/\/www.mecanicadelmolde.com\/index.php?rest_route=\/wp\/v2\/pages\/42\/revisions"}],"predecessor-version":[{"id":282,"href":"https:\/\/www.mecanicadelmolde.com\/index.php?rest_route=\/wp\/v2\/pages\/42\/revisions\/282"}],"wp:attachment":[{"href":"https:\/\/www.mecanicadelmolde.com\/index.php?rest_route=%2Fwp%2Fv2%2Fmedia&parent=42"}],"curies":[{"name":"wp","href":"https:\/\/api.w.org\/{rel}","templated":true}]}}