{"id":2,"date":"2015-02-17T16:55:10","date_gmt":"2015-02-17T16:55:10","guid":{"rendered":"http:\/\/www.ivico.net\/?page_id=2"},"modified":"2025-01-30T18:55:25","modified_gmt":"2025-01-30T18:55:25","slug":"pagina-ejemplo","status":"publish","type":"page","link":"https:\/\/www.mecanicadelmolde.com\/?page_id=2","title":{"rendered":"60 ANIVERSARIO 1965-2025"},"content":{"rendered":"<blockquote><p><strong>Mec\u00e1nica del molde ha cumplido 60 a\u00f1os en el sector de Maquinaria Auxiliar para el Calzado. A trav\u00e9s de este tiempo se ha adaptado a las nuevas tecnolog\u00edas y tendencias de la fabricaci\u00f3n de calzado.<a href=\"https:\/\/www.mecanicadelmolde.com\/wp-content\/uploads\/2025\/01\/60-aniversario-rojo.jpg\"><img loading=\"lazy\" decoding=\"async\" class=\"wp-image-279 size-medium aligncenter\" src=\"https:\/\/www.mecanicadelmolde.com\/wp-content\/uploads\/2025\/01\/60-aniversario-rojo-300x298.jpg\" alt=\"\" width=\"300\" height=\"298\" srcset=\"https:\/\/www.mecanicadelmolde.com\/wp-content\/uploads\/2025\/01\/60-aniversario-rojo-300x298.jpg 300w, https:\/\/www.mecanicadelmolde.com\/wp-content\/uploads\/2025\/01\/60-aniversario-rojo-1024x1017.jpg 1024w, https:\/\/www.mecanicadelmolde.com\/wp-content\/uploads\/2025\/01\/60-aniversario-rojo-150x150.jpg 150w, https:\/\/www.mecanicadelmolde.com\/wp-content\/uploads\/2025\/01\/60-aniversario-rojo-768x762.jpg 768w, https:\/\/www.mecanicadelmolde.com\/wp-content\/uploads\/2025\/01\/60-aniversario-rojo.jpg 1239w\" sizes=\"auto, (max-width: 300px) 100vw, 300px\" \/><\/a><\/strong><\/p>\n<p><strong>En nuestra actividad que enprincipio se desarrollaba artesanalmente, hemos introducido las tecnolog\u00edas inform\u00e1ticas mas novedosas. Actualmente manufacturamos moldes con Maquinaria digitalizada de gran precisi\u00f3n. Dise\u00f1amos las piezas desde un puesto inform\u00e1tico que manda las instrucciones hasta la maquina, a trav\u00e9s de tecnolog\u00eda CAD &#8211; CAM.<\/strong><\/p>\n<p><strong>Nuestra actividad principal es la fabricaci\u00f3n de Moldes y Prensas para empresas de calzado. Tanto de Tecnolog\u00eda de inyecci\u00f3n como de vulcanizado. As\u00ed como la transformaci\u00f3n y reforma de modelos ya en funcionamiento. Nuestra empresa da un servicio integral al cliente. Con un mantenimiento profesional de todos nuestros art\u00edculos.<\/strong><\/p>\n<p><strong>Damos\u00a0servicio a empresas de toda Espa\u00f1a y tambi\u00e9n se exporta parte de la\u00a0producci\u00f3n a otros pa\u00edses de la Uni\u00f3n Europea.<\/strong><\/p>\n<p><strong>Sin olvidar la tecnolog\u00eda, que es necesaria, en nuestra empresa seguimos cuidando el trato con el cliente y la calidad de nuestros productos.\u00a0Porque en Mec\u00e1nica del Molde hacemos del trabajo un arte<\/strong>.<\/p><\/blockquote>\n","protected":false},"excerpt":{"rendered":"<p>Mec\u00e1nica del molde ha cumplido 60 a\u00f1os en el sector de Maquinaria Auxiliar para el Calzado. A trav\u00e9s de este tiempo se ha adaptado a las nuevas tecnolog\u00edas y tendencias de la fabricaci\u00f3n de calzado. En nuestra actividad que enprincipio se desarrollaba artesanalmente, hemos introducido las tecnolog\u00edas inform\u00e1ticas mas novedosas. Actualmente manufacturamos moldes con Maquinaria &hellip; <a href=\"https:\/\/www.mecanicadelmolde.com\/?page_id=2\" class=\"more-link\">Sigue leyendo <span class=\"screen-reader-text\">60 ANIVERSARIO 1965-2025<\/span><\/a><\/p>\n","protected":false},"author":1,"featured_media":0,"parent":0,"menu_order":0,"comment_status":"closed","ping_status":"closed","template":"","meta":{"footnotes":""},"class_list":["post-2","page","type-page","status-publish","hentry"],"_links":{"self":[{"href":"https:\/\/www.mecanicadelmolde.com\/index.php?rest_route=\/wp\/v2\/pages\/2","targetHints":{"allow":["GET"]}}],"collection":[{"href":"https:\/\/www.mecanicadelmolde.com\/index.php?rest_route=\/wp\/v2\/pages"}],"about":[{"href":"https:\/\/www.mecanicadelmolde.com\/index.php?rest_route=\/wp\/v2\/types\/page"}],"author":[{"embeddable":true,"href":"https:\/\/www.mecanicadelmolde.com\/index.php?rest_route=\/wp\/v2\/users\/1"}],"replies":[{"embeddable":true,"href":"https:\/\/www.mecanicadelmolde.com\/index.php?rest_route=%2Fwp%2Fv2%2Fcomments&post=2"}],"version-history":[{"count":21,"href":"https:\/\/www.mecanicadelmolde.com\/index.php?rest_route=\/wp\/v2\/pages\/2\/revisions"}],"predecessor-version":[{"id":280,"href":"https:\/\/www.mecanicadelmolde.com\/index.php?rest_route=\/wp\/v2\/pages\/2\/revisions\/280"}],"wp:attachment":[{"href":"https:\/\/www.mecanicadelmolde.com\/index.php?rest_route=%2Fwp%2Fv2%2Fmedia&parent=2"}],"curies":[{"name":"wp","href":"https:\/\/api.w.org\/{rel}","templated":true}]}}