{"id":144,"date":"2015-03-04T11:55:11","date_gmt":"2015-03-04T11:55:11","guid":{"rendered":"http:\/\/www.mecanicadelmolde.com\/?page_id=144"},"modified":"2015-03-04T12:00:19","modified_gmt":"2015-03-04T12:00:19","slug":"prensas-2","status":"publish","type":"page","link":"https:\/\/www.mecanicadelmolde.com\/?page_id=144","title":{"rendered":"PRENSAS"},"content":{"rendered":"<p>Prensa para vulcanizado de yute, hidr\u00e1ulica con 35 mil\u00edmetros de recorrido<\/p>\n<p><a href=\"http:\/\/www.mecanicadelmolde.com\/wp-content\/uploads\/2015\/03\/5.jpg\"><img loading=\"lazy\" decoding=\"async\" class=\" size-medium wp-image-138 aligncenter\" src=\"http:\/\/www.mecanicadelmolde.com\/wp-content\/uploads\/2015\/03\/5-225x300.jpg\" alt=\"5\" width=\"225\" height=\"300\" srcset=\"https:\/\/www.mecanicadelmolde.com\/wp-content\/uploads\/2015\/03\/5-225x300.jpg 225w, https:\/\/www.mecanicadelmolde.com\/wp-content\/uploads\/2015\/03\/5.jpg 640w\" sizes=\"auto, (max-width: 225px) 100vw, 225px\" \/><\/a><\/p>\n<p>Prensa neum\u00e1tica para vulcanizado de yute , 60 mil\u00edmetros de recorrido.<\/p>\n<p><a href=\"http:\/\/www.mecanicadelmolde.com\/wp-content\/uploads\/2015\/03\/6.jpg\"><img loading=\"lazy\" decoding=\"async\" class=\" size-medium wp-image-139 aligncenter\" src=\"http:\/\/www.mecanicadelmolde.com\/wp-content\/uploads\/2015\/03\/6-225x300.jpg\" alt=\"6\" width=\"225\" height=\"300\" srcset=\"https:\/\/www.mecanicadelmolde.com\/wp-content\/uploads\/2015\/03\/6-225x300.jpg 225w, https:\/\/www.mecanicadelmolde.com\/wp-content\/uploads\/2015\/03\/6.jpg 640w\" sizes=\"auto, (max-width: 225px) 100vw, 225px\" \/><\/a><\/p>\n<p>Prensa doble modelo \u00ab<em>ENERO\u00bb<\/em>, para vulcanizar el par sobre el corte montado en horma<\/p>\n<p><a href=\"http:\/\/www.mecanicadelmolde.com\/wp-content\/uploads\/2015\/03\/7.1.jpg\"><img loading=\"lazy\" decoding=\"async\" class=\" size-medium wp-image-140 aligncenter\" src=\"http:\/\/www.mecanicadelmolde.com\/wp-content\/uploads\/2015\/03\/7.1-225x300.jpg\" alt=\"7.1\" width=\"225\" height=\"300\" srcset=\"https:\/\/www.mecanicadelmolde.com\/wp-content\/uploads\/2015\/03\/7.1-225x300.jpg 225w, https:\/\/www.mecanicadelmolde.com\/wp-content\/uploads\/2015\/03\/7.1.jpg 640w\" sizes=\"auto, (max-width: 225px) 100vw, 225px\" \/><\/a><\/p>\n","protected":false},"excerpt":{"rendered":"<p>Prensa para vulcanizado de yute, hidr\u00e1ulica con 35 mil\u00edmetros de recorrido Prensa neum\u00e1tica para vulcanizado de yute , 60 mil\u00edmetros de recorrido. Prensa doble modelo \u00abENERO\u00bb, para vulcanizar el par sobre el corte montado en horma<\/p>\n","protected":false},"author":1,"featured_media":0,"parent":0,"menu_order":0,"comment_status":"closed","ping_status":"closed","template":"","meta":{"footnotes":""},"class_list":["post-144","page","type-page","status-publish","hentry"],"_links":{"self":[{"href":"https:\/\/www.mecanicadelmolde.com\/index.php?rest_route=\/wp\/v2\/pages\/144","targetHints":{"allow":["GET"]}}],"collection":[{"href":"https:\/\/www.mecanicadelmolde.com\/index.php?rest_route=\/wp\/v2\/pages"}],"about":[{"href":"https:\/\/www.mecanicadelmolde.com\/index.php?rest_route=\/wp\/v2\/types\/page"}],"author":[{"embeddable":true,"href":"https:\/\/www.mecanicadelmolde.com\/index.php?rest_route=\/wp\/v2\/users\/1"}],"replies":[{"embeddable":true,"href":"https:\/\/www.mecanicadelmolde.com\/index.php?rest_route=%2Fwp%2Fv2%2Fcomments&post=144"}],"version-history":[{"count":2,"href":"https:\/\/www.mecanicadelmolde.com\/index.php?rest_route=\/wp\/v2\/pages\/144\/revisions"}],"predecessor-version":[{"id":148,"href":"https:\/\/www.mecanicadelmolde.com\/index.php?rest_route=\/wp\/v2\/pages\/144\/revisions\/148"}],"wp:attachment":[{"href":"https:\/\/www.mecanicadelmolde.com\/index.php?rest_route=%2Fwp%2Fv2%2Fmedia&parent=144"}],"curies":[{"name":"wp","href":"https:\/\/api.w.org\/{rel}","templated":true}]}}