{"id":131,"date":"2015-03-04T11:51:18","date_gmt":"2015-03-04T11:51:18","guid":{"rendered":"http:\/\/www.mecanicadelmolde.com\/?page_id=131"},"modified":"2021-06-05T14:24:59","modified_gmt":"2021-06-05T14:24:59","slug":"moldes-2","status":"publish","type":"page","link":"https:\/\/www.mecanicadelmolde.com\/?page_id=131","title":{"rendered":"MOLDES"},"content":{"rendered":"<p>Realizamos la construcci\u00f3n de moldes, asesorando en su dise\u00f1o tanto est\u00e9tico como de producci\u00f3n. La amplia experiencia que nos dan las d\u00e9cadas que llevamos realizando este trabajo nos permite ayudarle a tomar las decisiones correctas para la finalidad que busca.<\/p>\n<p style=\"text-align: center;\"><style type=\"text\/css\">.easingslider-208 { max-width: 640px; }.easingslider-208 .easingslider-image { max-height: 400px; max-width: 640px; }.easingslider-208 .easingslider-fade-in, .easingslider-fade-out { -webkit-animation-duration: 400ms; -moz-animation-duration: 400ms; animation-duration: 400ms; }<\/style><script type=\"text\/javascript\">window.EasingSlider208 = {\"width\":640,\"height\":400,\"singleItem\":true,\"items\":1,\"itemsDesktop\":false,\"itemsDesktopSmall\":false,\"itemsTablet\":false,\"itemsTabletSmall\":false,\"itemsMobile\":false,\"responsive\":true,\"lazyLoad\":true,\"autoPlay\":4000,\"slideSpeed\":400,\"navigation\":false,\"navigationText\":[\"\",\"\"],\"pagination\":false,\"autoHeight\":false,\"mouseDrag\":false,\"touchDrag\":false,\"addClassActive\":true,\"transitionStyle\":\"fade\"};<\/script><div data-id=\"208\" class=\"easingslider easingslider-208 easingslider-container easingslider-resizing-enabled easingslider-aspect-ratio\"><div class=\"easingslider-slide\"><img decoding=\"async\" src=\"https:\/\/www.mecanicadelmolde.com\/wp-content\/plugins\/easing-slider\/assets\/images\/placeholder-pixel.png\" data-src=\"https:\/\/www.mecanicadelmolde.com\/wp-content\/uploads\/2015\/03\/1.5-640x400.jpg\" alt=\"\" title=\"\" class=\"easingslider-image easingslider-lazy\" \/><\/div><div class=\"easingslider-slide\"><img decoding=\"async\" src=\"https:\/\/www.mecanicadelmolde.com\/wp-content\/plugins\/easing-slider\/assets\/images\/placeholder-pixel.png\" data-src=\"https:\/\/www.mecanicadelmolde.com\/wp-content\/uploads\/2015\/03\/1.2-640x400.jpg\" alt=\"\" title=\"\" class=\"easingslider-image easingslider-lazy\" \/><\/div><\/div><\/p>\n<ul>\n<li><strong>Moldes de cu\u00f1as<\/strong><\/li>\n<\/ul>\n<p>Fabricamos moldes de cu\u00f1as de corcho para <em>\u00abvalencianas\u00bb<\/em><\/p>\n<p><a href=\"http:\/\/www.mecanicadelmolde.com\/wp-content\/uploads\/2015\/03\/2.jpg\"><img loading=\"lazy\" decoding=\"async\" class=\"  aligncenter wp-image-141\" src=\"http:\/\/www.mecanicadelmolde.com\/wp-content\/uploads\/2015\/03\/2-300x225.jpg\" alt=\"2\" width=\"547\" height=\"410\" srcset=\"https:\/\/www.mecanicadelmolde.com\/wp-content\/uploads\/2015\/03\/2-300x225.jpg 300w, https:\/\/www.mecanicadelmolde.com\/wp-content\/uploads\/2015\/03\/2.jpg 640w\" sizes=\"auto, (max-width: 547px) 100vw, 547px\" \/><\/a><\/p>\n<ul>\n<li><strong>Moldes de vulcanizado sobre corte<\/strong><\/li>\n<\/ul>\n<p>Pareja de moldes y hormas para vulcanizar sobre corte. Tanto molde de cazuela como partido.<\/p>\n<p style=\"text-align: center;\"><a href=\"http:\/\/www.mecanicadelmolde.com\/wp-content\/uploads\/2015\/03\/2.4.jpg\"><style type=\"text\/css\">.easingslider-206 { max-width: 640px; }.easingslider-206 .easingslider-image { max-height: 400px; max-width: 640px; }.easingslider-206 .easingslider-fade-in, .easingslider-fade-out { -webkit-animation-duration: 400ms; -moz-animation-duration: 400ms; animation-duration: 400ms; }<\/style><script type=\"text\/javascript\">window.EasingSlider206 = {\"width\":640,\"height\":400,\"singleItem\":true,\"items\":1,\"itemsDesktop\":false,\"itemsDesktopSmall\":false,\"itemsTablet\":false,\"itemsTabletSmall\":false,\"itemsMobile\":false,\"responsive\":true,\"lazyLoad\":true,\"autoPlay\":4000,\"slideSpeed\":400,\"navigation\":false,\"navigationText\":[\"\",\"\"],\"pagination\":false,\"autoHeight\":false,\"mouseDrag\":false,\"touchDrag\":false,\"addClassActive\":true,\"transitionStyle\":\"fade\"};<\/script><div data-id=\"206\" class=\"easingslider easingslider-206 easingslider-container easingslider-resizing-enabled easingslider-aspect-ratio\"><div class=\"easingslider-slide\"><img decoding=\"async\" src=\"https:\/\/www.mecanicadelmolde.com\/wp-content\/plugins\/easing-slider\/assets\/images\/placeholder-pixel.png\" data-src=\"https:\/\/www.mecanicadelmolde.com\/wp-content\/uploads\/2015\/03\/2.4-640x400.jpg\" alt=\"\" title=\"\" class=\"easingslider-image easingslider-lazy\" \/><\/div><div class=\"easingslider-slide\"><img decoding=\"async\" src=\"https:\/\/www.mecanicadelmolde.com\/wp-content\/plugins\/easing-slider\/assets\/images\/placeholder-pixel.png\" data-src=\"https:\/\/www.mecanicadelmolde.com\/wp-content\/uploads\/2021\/05\/0-scaled-640x400.jpg\" alt=\"\" title=\"\" class=\"easingslider-image easingslider-lazy\" \/><\/div><div class=\"easingslider-slide\"><img decoding=\"async\" src=\"https:\/\/www.mecanicadelmolde.com\/wp-content\/plugins\/easing-slider\/assets\/images\/placeholder-pixel.png\" data-src=\"https:\/\/www.mecanicadelmolde.com\/wp-content\/uploads\/2021\/05\/7-scaled-640x400.jpg\" alt=\"\" title=\"\" class=\"easingslider-image easingslider-lazy\" \/><\/div><div class=\"easingslider-slide\"><img decoding=\"async\" src=\"https:\/\/www.mecanicadelmolde.com\/wp-content\/plugins\/easing-slider\/assets\/images\/placeholder-pixel.png\" data-src=\"https:\/\/www.mecanicadelmolde.com\/wp-content\/uploads\/2021\/05\/8-scaled-640x400.jpg\" alt=\"\" title=\"\" class=\"easingslider-image easingslider-lazy\" \/><\/div><\/div><\/a><\/p>\n<ul>\n<li><strong>Moldes de vulcanizado<\/strong><\/li>\n<\/ul>\n<p>Patines, tacones, marcas&#8230;<\/p>\n<p style=\"text-align: center;\"><style type=\"text\/css\">.easingslider-201 { max-width: 640px; }.easingslider-201 .easingslider-image { max-height: 400px; max-width: 640px; }.easingslider-201 .easingslider-fade-in, .easingslider-fade-out { -webkit-animation-duration: 400ms; -moz-animation-duration: 400ms; animation-duration: 400ms; }<\/style><script type=\"text\/javascript\">window.EasingSlider201 = {\"width\":640,\"height\":400,\"singleItem\":true,\"items\":1,\"itemsDesktop\":false,\"itemsDesktopSmall\":false,\"itemsTablet\":false,\"itemsTabletSmall\":false,\"itemsMobile\":false,\"responsive\":true,\"lazyLoad\":true,\"autoPlay\":4000,\"slideSpeed\":400,\"navigation\":false,\"navigationText\":[\"\",\"\"],\"pagination\":false,\"autoHeight\":false,\"mouseDrag\":false,\"touchDrag\":false,\"addClassActive\":true,\"transitionStyle\":\"fade\"};<\/script><div data-id=\"201\" class=\"easingslider easingslider-201 easingslider-container easingslider-resizing-enabled easingslider-aspect-ratio\"><div class=\"easingslider-slide\"><img decoding=\"async\" src=\"https:\/\/www.mecanicadelmolde.com\/wp-content\/plugins\/easing-slider\/assets\/images\/placeholder-pixel.png\" data-src=\"https:\/\/www.mecanicadelmolde.com\/wp-content\/uploads\/2015\/03\/2.2-640x400.jpg\" alt=\"\" title=\"\" class=\"easingslider-image easingslider-lazy\" \/><\/div><div class=\"easingslider-slide\"><img decoding=\"async\" src=\"https:\/\/www.mecanicadelmolde.com\/wp-content\/plugins\/easing-slider\/assets\/images\/placeholder-pixel.png\" data-src=\"https:\/\/www.mecanicadelmolde.com\/wp-content\/uploads\/2021\/05\/9-640x400.jpg\" alt=\"\" title=\"\" class=\"easingslider-image easingslider-lazy\" \/><\/div><div class=\"easingslider-slide\"><img decoding=\"async\" src=\"https:\/\/www.mecanicadelmolde.com\/wp-content\/plugins\/easing-slider\/assets\/images\/placeholder-pixel.png\" data-src=\"https:\/\/www.mecanicadelmolde.com\/wp-content\/uploads\/2015\/03\/2.1-640x400.jpg\" alt=\"\" title=\"\" class=\"easingslider-image easingslider-lazy\" \/><\/div><div class=\"easingslider-slide\"><img decoding=\"async\" src=\"https:\/\/www.mecanicadelmolde.com\/wp-content\/plugins\/easing-slider\/assets\/images\/placeholder-pixel.png\" data-src=\"https:\/\/www.mecanicadelmolde.com\/wp-content\/uploads\/2015\/03\/2.3-640x400.jpg\" alt=\"\" title=\"\" class=\"easingslider-image easingslider-lazy\" \/><\/div><\/div><\/p>\n","protected":false},"excerpt":{"rendered":"<p>Realizamos la construcci\u00f3n de moldes, asesorando en su dise\u00f1o tanto est\u00e9tico como de producci\u00f3n. La amplia experiencia que nos dan las d\u00e9cadas que llevamos realizando este trabajo nos permite ayudarle a tomar las decisiones correctas para la finalidad que busca. Moldes de cu\u00f1as Fabricamos moldes de cu\u00f1as de corcho para \u00abvalencianas\u00bb Moldes de vulcanizado sobre &hellip; <a href=\"https:\/\/www.mecanicadelmolde.com\/?page_id=131\" class=\"more-link\">Sigue leyendo <span class=\"screen-reader-text\">MOLDES<\/span><\/a><\/p>\n","protected":false},"author":1,"featured_media":0,"parent":0,"menu_order":0,"comment_status":"closed","ping_status":"closed","template":"","meta":{"footnotes":""},"class_list":["post-131","page","type-page","status-publish","hentry"],"_links":{"self":[{"href":"https:\/\/www.mecanicadelmolde.com\/index.php?rest_route=\/wp\/v2\/pages\/131","targetHints":{"allow":["GET"]}}],"collection":[{"href":"https:\/\/www.mecanicadelmolde.com\/index.php?rest_route=\/wp\/v2\/pages"}],"about":[{"href":"https:\/\/www.mecanicadelmolde.com\/index.php?rest_route=\/wp\/v2\/types\/page"}],"author":[{"embeddable":true,"href":"https:\/\/www.mecanicadelmolde.com\/index.php?rest_route=\/wp\/v2\/users\/1"}],"replies":[{"embeddable":true,"href":"https:\/\/www.mecanicadelmolde.com\/index.php?rest_route=%2Fwp%2Fv2%2Fcomments&post=131"}],"version-history":[{"count":5,"href":"https:\/\/www.mecanicadelmolde.com\/index.php?rest_route=\/wp\/v2\/pages\/131\/revisions"}],"predecessor-version":[{"id":276,"href":"https:\/\/www.mecanicadelmolde.com\/index.php?rest_route=\/wp\/v2\/pages\/131\/revisions\/276"}],"wp:attachment":[{"href":"https:\/\/www.mecanicadelmolde.com\/index.php?rest_route=%2Fwp%2Fv2%2Fmedia&parent=131"}],"curies":[{"name":"wp","href":"https:\/\/api.w.org\/{rel}","templated":true}]}}