{"id":101,"date":"2015-03-04T09:23:12","date_gmt":"2015-03-04T09:23:12","guid":{"rendered":"http:\/\/www.mecanicadelmolde.com\/?page_id=101"},"modified":"2021-05-23T19:03:32","modified_gmt":"2021-05-23T19:03:32","slug":"moldear","status":"publish","type":"page","link":"https:\/\/www.mecanicadelmolde.com\/?page_id=101","title":{"rendered":"HORMAS DE MOLDEAR"},"content":{"rendered":"<p>En Mec\u00e1nica Del Molde realizamos hormas de moldear punteras y traseras para el conformado de los cortes usando frio o calor.<\/p>\n<p>Fabricamos sus moldes de moldeado en base a sus necesidades reproduciendo el di\u00e1metro y longitud de cartuchos y pitones de centrado adapt\u00e1ndonos a cualquier tipo de m\u00e1quina que utilicen para la labor, Vifama, Norba\u2026<\/p>\n<p>Tambi\u00e9n ofrecemos el servicio de teflonado de sus piezas para limitar la adherencia de los cortes.<\/p>\n<p style=\"text-align: center;\"><style type=\"text\/css\">.easingslider-217 { max-width: 640px; }.easingslider-217 .easingslider-image { max-height: 400px; max-width: 640px; }.easingslider-217 .easingslider-fade-in, .easingslider-fade-out { -webkit-animation-duration: 400ms; -moz-animation-duration: 400ms; animation-duration: 400ms; }<\/style><script type=\"text\/javascript\">window.EasingSlider217 = {\"width\":640,\"height\":400,\"singleItem\":true,\"items\":1,\"itemsDesktop\":false,\"itemsDesktopSmall\":false,\"itemsTablet\":false,\"itemsTabletSmall\":false,\"itemsMobile\":false,\"responsive\":true,\"lazyLoad\":true,\"autoPlay\":4000,\"slideSpeed\":400,\"navigation\":false,\"navigationText\":[\"\",\"\"],\"pagination\":false,\"autoHeight\":false,\"mouseDrag\":false,\"touchDrag\":false,\"addClassActive\":true,\"transitionStyle\":\"fade\"};<\/script><div data-id=\"217\" class=\"easingslider easingslider-217 easingslider-container easingslider-resizing-enabled easingslider-aspect-ratio\"><div class=\"easingslider-slide\"><img decoding=\"async\" src=\"https:\/\/www.mecanicadelmolde.com\/wp-content\/plugins\/easing-slider\/assets\/images\/placeholder-pixel.png\" data-src=\"https:\/\/www.mecanicadelmolde.com\/wp-content\/uploads\/2015\/03\/4-640x400.jpg\" alt=\"\" title=\"\" class=\"easingslider-image easingslider-lazy\" \/><\/div><div class=\"easingslider-slide\"><img decoding=\"async\" src=\"https:\/\/www.mecanicadelmolde.com\/wp-content\/plugins\/easing-slider\/assets\/images\/placeholder-pixel.png\" data-src=\"https:\/\/www.mecanicadelmolde.com\/wp-content\/uploads\/2015\/03\/3-640x400.jpg\" alt=\"\" title=\"\" class=\"easingslider-image easingslider-lazy\" \/><\/div><div class=\"easingslider-slide\"><img decoding=\"async\" src=\"https:\/\/www.mecanicadelmolde.com\/wp-content\/plugins\/easing-slider\/assets\/images\/placeholder-pixel.png\" data-src=\"https:\/\/www.mecanicadelmolde.com\/wp-content\/uploads\/2021\/05\/a-scaled-640x400.jpg\" alt=\"\" title=\"\" class=\"easingslider-image easingslider-lazy\" \/><\/div><div class=\"easingslider-slide\"><img decoding=\"async\" src=\"https:\/\/www.mecanicadelmolde.com\/wp-content\/plugins\/easing-slider\/assets\/images\/placeholder-pixel.png\" data-src=\"https:\/\/www.mecanicadelmolde.com\/wp-content\/uploads\/2021\/05\/b-scaled-640x400.jpg\" alt=\"\" title=\"\" class=\"easingslider-image easingslider-lazy\" \/><\/div><div class=\"easingslider-slide\"><img decoding=\"async\" src=\"https:\/\/www.mecanicadelmolde.com\/wp-content\/plugins\/easing-slider\/assets\/images\/placeholder-pixel.png\" data-src=\"https:\/\/www.mecanicadelmolde.com\/wp-content\/uploads\/2021\/05\/c-scaled-640x400.jpg\" alt=\"\" title=\"\" class=\"easingslider-image easingslider-lazy\" \/><\/div><div class=\"easingslider-slide\"><img decoding=\"async\" src=\"https:\/\/www.mecanicadelmolde.com\/wp-content\/plugins\/easing-slider\/assets\/images\/placeholder-pixel.png\" data-src=\"https:\/\/www.mecanicadelmolde.com\/wp-content\/uploads\/2021\/05\/e-640x400.jpg\" alt=\"\" title=\"\" class=\"easingslider-image easingslider-lazy\" \/><\/div><div class=\"easingslider-slide\"><img decoding=\"async\" src=\"https:\/\/www.mecanicadelmolde.com\/wp-content\/plugins\/easing-slider\/assets\/images\/placeholder-pixel.png\" data-src=\"https:\/\/www.mecanicadelmolde.com\/wp-content\/uploads\/2021\/05\/f-scaled-640x400.jpg\" alt=\"\" title=\"\" class=\"easingslider-image easingslider-lazy\" \/><\/div><\/div><\/p>\n","protected":false},"excerpt":{"rendered":"<p>En Mec\u00e1nica Del Molde realizamos hormas de moldear punteras y traseras para el conformado de los cortes usando frio o calor. Fabricamos sus moldes de moldeado en base a sus necesidades reproduciendo el di\u00e1metro y longitud de cartuchos y pitones de centrado adapt\u00e1ndonos a cualquier tipo de m\u00e1quina que utilicen para la labor, Vifama, Norba\u2026 &hellip; <a href=\"https:\/\/www.mecanicadelmolde.com\/?page_id=101\" class=\"more-link\">Sigue leyendo <span class=\"screen-reader-text\">HORMAS DE MOLDEAR<\/span><\/a><\/p>\n","protected":false},"author":1,"featured_media":0,"parent":0,"menu_order":0,"comment_status":"closed","ping_status":"closed","template":"","meta":{"footnotes":""},"class_list":["post-101","page","type-page","status-publish","hentry"],"_links":{"self":[{"href":"https:\/\/www.mecanicadelmolde.com\/index.php?rest_route=\/wp\/v2\/pages\/101","targetHints":{"allow":["GET"]}}],"collection":[{"href":"https:\/\/www.mecanicadelmolde.com\/index.php?rest_route=\/wp\/v2\/pages"}],"about":[{"href":"https:\/\/www.mecanicadelmolde.com\/index.php?rest_route=\/wp\/v2\/types\/page"}],"author":[{"embeddable":true,"href":"https:\/\/www.mecanicadelmolde.com\/index.php?rest_route=\/wp\/v2\/users\/1"}],"replies":[{"embeddable":true,"href":"https:\/\/www.mecanicadelmolde.com\/index.php?rest_route=%2Fwp%2Fv2%2Fcomments&post=101"}],"version-history":[{"count":4,"href":"https:\/\/www.mecanicadelmolde.com\/index.php?rest_route=\/wp\/v2\/pages\/101\/revisions"}],"predecessor-version":[{"id":218,"href":"https:\/\/www.mecanicadelmolde.com\/index.php?rest_route=\/wp\/v2\/pages\/101\/revisions\/218"}],"wp:attachment":[{"href":"https:\/\/www.mecanicadelmolde.com\/index.php?rest_route=%2Fwp%2Fv2%2Fmedia&parent=101"}],"curies":[{"name":"wp","href":"https:\/\/api.w.org\/{rel}","templated":true}]}}